{"id":50,"date":"2017-06-27T13:05:00","date_gmt":"2017-06-27T13:05:00","guid":{"rendered":"http:\/\/larachristen.ch\/?page_id=50"},"modified":"2023-08-14T20:59:56","modified_gmt":"2023-08-14T20:59:56","slug":"ueber-mich","status":"publish","type":"page","link":"https:\/\/larachristen.ch\/?page_id=50","title":{"rendered":"\u00dcber mich"},"content":{"rendered":"<h3><\/h3>\n<h3><strong>Zu meiner Person<\/strong><\/h3>\n<p>Seit \u00fcber acht Jahren stehe ich hinter dem Mikrofon.\u00a0Ich bin diplomierte Radiojournalistin.<br \/>\nAktuell befinde ich mich zudem in der Ausbildung zur Sprecherin f\u00fcr H\u00f6rb\u00fccher, H\u00f6rspiele sowie Synchron.<\/p>\n<p><img loading=\"lazy\" decoding=\"async\" class=\"alignnone wp-image-192 size-medium\" src=\"http:\/\/larachristen.ch\/wp-content\/uploads\/2023\/08\/IMG_8237-288x300.jpg\" alt=\"\" width=\"288\" height=\"300\" srcset=\"https:\/\/larachristen.ch\/wp-content\/uploads\/2023\/08\/IMG_8237-288x300.jpg 288w, https:\/\/larachristen.ch\/wp-content\/uploads\/2023\/08\/IMG_8237-184x192.jpg 184w, https:\/\/larachristen.ch\/wp-content\/uploads\/2023\/08\/IMG_8237.jpg 740w\" sizes=\"auto, (max-width: 288px) 100vw, 288px\" \/><\/p>\n<h3><strong>Arbeitsstellen<\/strong><\/h3>\n<p>2022 \u2013 Heute: \u00a0 Nachrichtenredaktorin &amp; Nachrichtensprecherin SRF<\/p>\n<p>2020 \u2013 2022: \u00a0 \u00a0Stv. Chefredaktorin bei Radio Munot<\/p>\n<p>2014 \u2013 2020: \u00a0 \u00a0Moderatorin &amp; Redaktorin bei Radio Munot<\/p>\n<p>2013 \u2013 2014: \u00a0 \u00a0KV-Stelle beim Stadttheater &amp; Kulturdienst<\/p>\n<h3><b>Besuchte Schulen<\/b><\/h3>\n<p>2023 \u2013 Heute: \u00a0Ausbildung zur Sprecherin an der Speech Academy<\/p>\n<p>2017 \u2013 2018: \u00a0 \u00a0Diplomlehrgang am MAZ in Luzern<\/p>\n<p>2015 \u2013 2016: \u00a0 \u00a0Radiolehrgang am MAZ in Luzern<\/p>\n<p>2009 \u2013 2012: \u00a0 \u00a0Handelsmittelschule Schaffhausen<\/p>\n","protected":false},"excerpt":{"rendered":"<p>Wenn du mehr \u00fcber mich erfahren und meinen Werdegang unter die Lupe nehmen willst, dann bist du hier richtig.<\/p>\n","protected":false},"author":1,"featured_media":98,"parent":0,"menu_order":0,"comment_status":"closed","ping_status":"closed","template":"","meta":{"footnotes":""},"class_list":["post-50","page","type-page","status-publish","has-post-thumbnail","hentry"],"_links":{"self":[{"href":"https:\/\/larachristen.ch\/index.php?rest_route=\/wp\/v2\/pages\/50","targetHints":{"allow":["GET"]}}],"collection":[{"href":"https:\/\/larachristen.ch\/index.php?rest_route=\/wp\/v2\/pages"}],"about":[{"href":"https:\/\/larachristen.ch\/index.php?rest_route=\/wp\/v2\/types\/page"}],"author":[{"embeddable":true,"href":"https:\/\/larachristen.ch\/index.php?rest_route=\/wp\/v2\/users\/1"}],"replies":[{"embeddable":true,"href":"https:\/\/larachristen.ch\/index.php?rest_route=%2Fwp%2Fv2%2Fcomments&post=50"}],"version-history":[{"count":14,"href":"https:\/\/larachristen.ch\/index.php?rest_route=\/wp\/v2\/pages\/50\/revisions"}],"predecessor-version":[{"id":198,"href":"https:\/\/larachristen.ch\/index.php?rest_route=\/wp\/v2\/pages\/50\/revisions\/198"}],"wp:featuredmedia":[{"embeddable":true,"href":"https:\/\/larachristen.ch\/index.php?rest_route=\/wp\/v2\/media\/98"}],"wp:attachment":[{"href":"https:\/\/larachristen.ch\/index.php?rest_route=%2Fwp%2Fv2%2Fmedia&parent=50"}],"curies":[{"name":"wp","href":"https:\/\/api.w.org\/{rel}","templated":true}]}}